{"id":1808,"date":"2017-02-11T13:10:14","date_gmt":"2017-02-11T13:10:14","guid":{"rendered":"https:\/\/americanrcg.com\/eb5-visa-program\/"},"modified":"2017-11-03T22:21:19","modified_gmt":"2017-11-03T22:21:19","slug":"programa-visa-eb5","status":"publish","type":"page","link":"https:\/\/americanrcg.com\/es\/programa-visa-eb5\/","title":{"rendered":"Programa Visa EB-5"},"content":{"rendered":"<div class=\"wpb-content-wrapper\"><p>[vc_row css=&#8221;.vc_custom_1499703578328{margin-right: 0px !important;margin-bottom: 50px !important;margin-left: 0px !important;}&#8221;][vc_column css=&#8221;.vc_custom_1499703331653{background-position: center !important;background-repeat: no-repeat !important;background-size: cover !important;}&#8221;][vc_custom_heading text=&#8221;&#8221; use_theme_fonts=&#8221;yes&#8221; subtitle=&#8221;Al trabajar por medio de centros regionales aprobados tales como los nuestros, la mayor\u00eda de los inversionistas inmigrantes logran que su paso a la residencia permanente sea m\u00e1s sencillo, menos costoso y m\u00e1s expedito.&#8221;][vc_column_text]La visa EB-5 es un programa de visa de Estados Unidos que proporciona un camino a la residencia estadounidense permanente para inversionistas extranjeros y familias que califican. Al invertir un m\u00ednimo de US$500,000 in \u00e1reas espec\u00edficas con alto desempleo (TEA por sus siglas en ingl\u00e9s) o $1,000,000 en empresas a trav\u00e9s de Proyectos de un Centro Regional EB-5 aprobado por USCIS (Servicios de Ciudadan\u00eda e Inmigraci\u00f3n de los Estados Unidos), el inversionista EB-5 puede obtener una tarjeta de residencia condicional para dos a\u00f1os. Durante este per\u00edodo condicional de dos a\u00f1os, el titular de una visa EB-5 disfruta de todos los beneficios y ventajas de una residencia de EE. UU., permiti\u00e9ndole al inversionista y a su familia inmediata disfrutar de los beneficios totales de vivir y trabajar en los Estados Unidos.<\/p>\n<p>La inversi\u00f3n EB-5 es necesaria para permanecer durante un m\u00ednimo de dos a\u00f1os y crear por lo menos 10 empleos de tiempo completo para trabajadores de EE. UU. Si estos criterios se cumplen, se emitir\u00e1 una tarjeta de residencia incondicional o permanente.[\/vc_column_text][\/vc_column][\/vc_row][vc_row full_width=&#8221;stretch_row&#8221; el_class=&#8221;third_bg_color&#8221; css=&#8221;.vc_custom_1485767489734{padding-top: 57px !important;padding-bottom: 59px !important;}&#8221;][vc_column width=&#8221;1\/2&#8243; offset=&#8221;vc_col-lg-3 vc_col-md-3 vc_col-xs-12&#8243;][stm_stats_counter stat_counter_style=&#8221;style_2&#8243; counter_value=&#8221;321&#8243; description=&#8221;Visas EB-5<br \/>\ncompletadas&#8221;][\/vc_column][vc_column width=&#8221;1\/2&#8243; offset=&#8221;vc_col-lg-3 vc_col-md-3 vc_col-xs-12&#8243;][stm_stats_counter stat_counter_style=&#8221;style_2&#8243; counter_value=&#8221;7&#8243; description=&#8221;Centros<br \/>\nRegionales&#8221;][\/vc_column][vc_column width=&#8221;1\/2&#8243; offset=&#8221;vc_col-lg-3 vc_col-md-3 vc_col-xs-12&#8243;][stm_stats_counter stat_counter_style=&#8221;style_2&#8243; counter_value=&#8221;20&#8243; description=&#8221;A\u00f1os de<br \/>\nExperiencia en Inversiones&#8221;][\/vc_column][vc_column width=&#8221;1\/2&#8243; offset=&#8221;vc_col-lg-3 vc_col-md-3 vc_col-xs-12&#8243;][stm_stats_counter stat_counter_style=&#8221;style_2&#8243; counter_value=&#8221;100&#8243; counter_value_suf=&#8221;%&#8221; description=&#8221;de Clientes<br \/>\nSatisfechos&#8221;][\/vc_column][\/vc_row][vc_row full_width=&#8221;stretch_row&#8221; css=&#8221;.vc_custom_1485759536261{margin-bottom: 0px !important;padding-top: 56px !important;background-color: #f2f2f2 !important;}&#8221;][vc_column][vc_custom_heading text=&#8221;Ventajas del Programa de Visa EB-5&#8243; font_container=&#8221;tag:h3|text_align:left&#8221; google_fonts=&#8221;font_family:Montserrat%3Aregular%2C700|font_style:700%20bold%20regular%3A700%3Anormal&#8221; css=&#8221;.vc_custom_1509747556193{margin-bottom: 39px !important;}&#8221;][vc_column_text]Al trabajar por medio de centros regionales aprobados tales como los nuestros, la mayor\u00eda de los inversionistas inmigrantes logran que su paso a la residencia permanente sea m\u00e1s sencillo, menos costoso y m\u00e1s expedito.[\/vc_column_text][vc_empty_space][\/vc_column][\/vc_row][vc_row full_width=&#8221;stretch_row&#8221; css=&#8221;.vc_custom_1485759472603{padding-bottom: 35px !important;background-color: #f2f2f2 !important;}&#8221;][vc_column width=&#8221;1\/3&#8243; offset=&#8221;vc_col-lg-4&#8243;][stm_icon_box hide_title_line=&#8221;hide_title_line&#8221; icon=&#8221;stm-check&#8221; style=&#8221;icon_left&#8221; icon_size=&#8221;22&#8243; icon_color=&#8221;custom&#8221; icon_bg_color=&#8221;third_bg&#8221; icon_width=&#8221;70&#8243; title=&#8221;Residencia Permanente&#8221; title_font_size=&#8221;22&#8243; title_line_height=&#8221;46&#8243; icon_color_custom=&#8221;#ffffff&#8221; css=&#8221;.vc_custom_1509747574887{margin-bottom: 24px !important;}&#8221;]La forma m\u00e1s r\u00e1pida para obtener una residencia permanente en EE. UU. y la ciudadan\u00eda estadounidense.[\/stm_icon_box][stm_icon_box hide_title_line=&#8221;hide_title_line&#8221; icon=&#8221;stm-security&#8221; style=&#8221;icon_left&#8221; icon_size=&#8221;30&#8243; icon_color=&#8221;custom&#8221; icon_bg_color=&#8221;third_bg&#8221; icon_width=&#8221;70&#8243; title=&#8221;Menos Requisitos&#8221; title_font_size=&#8221;22&#8243; title_line_height=&#8221;46&#8243; icon_color_custom=&#8221;#ffffff&#8221; css=&#8221;.vc_custom_1509747586193{margin-bottom: 24px !important;}&#8221;]No es necesario que el solicitante mantenga una empresa existente en su pa\u00eds de origen.[\/stm_icon_box][\/vc_column][vc_column width=&#8221;1\/3&#8243; offset=&#8221;vc_col-lg-4&#8243;][stm_icon_box hide_title_line=&#8221;hide_title_line&#8221; icon=&#8221;stm-mans&#8221; style=&#8221;icon_left&#8221; icon_size=&#8221;22&#8243; icon_color=&#8221;custom&#8221; icon_bg_color=&#8221;third_bg&#8221; icon_width=&#8221;70&#8243; title=&#8221;Miembros de la Familia&#8221; title_font_size=&#8221;22&#8243; title_line_height=&#8221;46&#8243; icon_color_custom=&#8221;#ffffff&#8221; css=&#8221;.vc_custom_1509747600650{margin-bottom: 24px !important;}&#8221;]Los inversionistas y sus familias pueden vivir, trabajar, estudiar y jubilarse en cualquier lugar de EE. UU.[\/stm_icon_box][stm_icon_box hide_title_line=&#8221;hide_title_line&#8221; icon=&#8221;stm-badge&#8221; style=&#8221;icon_left&#8221; icon_size=&#8221;30&#8243; icon_color=&#8221;custom&#8221; icon_bg_color=&#8221;third_bg&#8221; icon_width=&#8221;70&#8243; title=&#8221;Beneficios Educativos&#8221; title_font_size=&#8221;22&#8243; title_line_height=&#8221;46&#8243; icon_color_custom=&#8221;#ffffff&#8221; css=&#8221;.vc_custom_1509747613664{margin-bottom: 24px !important;}&#8221;]Beneficios educativos tales como admisi\u00f3n a universidades p\u00fablicas a los mismos costos que los residentes del estado.[\/stm_icon_box][\/vc_column][vc_column width=&#8221;1\/3&#8243; offset=&#8221;vc_col-lg-4&#8243;][stm_icon_box hide_title_line=&#8221;hide_title_line&#8221; icon=&#8221;stm-airplane&#8221; style=&#8221;icon_left&#8221; icon_size=&#8221;22&#8243; icon_color=&#8221;custom&#8221; icon_bg_color=&#8221;third_bg&#8221; icon_width=&#8221;70&#8243; title=&#8221;Viajes al Extranjero&#8221; title_font_size=&#8221;22&#8243; title_line_height=&#8221;46&#8243; icon_color_custom=&#8221;#ffffff&#8221; css=&#8221;.vc_custom_1509747627475{margin-bottom: 24px !important;}&#8221;]Viaje fuera de los Estados Unidos y regrese sin necesidad de una visa.[\/stm_icon_box][stm_icon_box hide_title_line=&#8221;hide_title_line&#8221; icon=&#8221;stm-rating_down&#8221; style=&#8221;icon_left&#8221; icon_size=&#8221;30&#8243; icon_color=&#8221;custom&#8221; icon_bg_color=&#8221;third_bg&#8221; icon_width=&#8221;70&#8243; title=&#8221;M\u00e1s Asequible&#8221; title_font_size=&#8221;22&#8243; title_line_height=&#8221;46&#8243; icon_color_custom=&#8221;#ffffff&#8221; css=&#8221;.vc_custom_1509747651130{margin-bottom: 24px !important;}&#8221;]Obtenga una tarjeta de residencia invirtiendo un m\u00ednimo de US$500,000 en \u00e1reas espec\u00edficas con alto desempleo (TEA por sus siglas en ingl\u00e9s)<\/p>\n<p><span style=\"display: block; line-height: 20px; margin-top: -10px;\">\u00a0<\/span>[\/stm_icon_box][\/vc_column][\/vc_row][vc_row full_width=&#8221;stretch_row&#8221; parallax=&#8221;content-moving-fade&#8221; parallax_image=&#8221;1597&#8243; css=&#8221;.vc_custom_1499704211877{margin-bottom: 36px !important;padding-top: 67px !important;padding-bottom: 70px !important;}&#8221; el_class=&#8221;base_bg_color&#8221;][vc_column][stm_image_carousel grayscale=&#8221;yes&#8221; h_centered=&#8221;yes&#8221; img_size=&#8221;full&#8221; autoplay=&#8221;yes&#8221; loop=&#8221;yes&#8221; items=&#8221;5&#8243; items_small_desktop=&#8221;4&#8243; items_tablet=&#8221;3&#8243; images=&#8221;1700,1699,1698,1701,1696,1697,1695&#8243; custom_links=&#8221;#E-8_aHR0cCUzQSUyRiUyRmFtZXJpY2FyY2cuY29tJTJGcmVnaW9uYWwtY2VudGVyJTJGYXJjZy1jYWxpZm9ybmlhJTJGJTJDaHR0cCUzQSUyRiUyRmFtZXJpY2FyY2cuY29tJTJGcmVnaW9uYWwtY2VudGVyJTJGYXJjZy1jYXJpYmJlYW4lMkYlMkNodHRwJTNBJTJGJTJGYW1lcmljYXJjZy5jb20lMkZyZWdpb25hbC1jZW50ZXIlMkZhcmNnLWZsb3JpZGElMkYlMkNodHRwJTNBJTJGJTJGYW1lcmljYXJjZy5jb20lMkZyZWdpb25hbC1jZW50ZXIlMkZhcmNnLW5ldmFkYSUyRiUyQ2h0dHAlM0ElMkYlMkZhbWVyaWNhcmNnLmNvbSUyRnJlZ2lvbmFsLWNlbnRlciUyRmFyY2ctbmV3LWVuZ2xhbmQlMkYlMkNodHRwJTNBJTJGJTJGYW1lcmljYXJjZy5jb20lMkZyZWdpb25hbC1jZW50ZXIlMkZhcmNnLW5ldy15b3JrJTJGJTJDaHR0cCUzQSUyRiUyRmFtZXJpY2FyY2cuY29tJTJGcmVnaW9uYWwtY2VudGVyJTJGYXJjZy10ZXhhcyUyRg==&#8221;][\/vc_column][\/vc_row][vc_row full_width=&#8221;stretch_row&#8221; el_class=&#8221;third_bg_color&#8221; css=&#8221;.vc_custom_1451889219674{margin-bottom: -60px !important;}&#8221;][vc_column][vc_cta h2=&#8221;\u00bfNO EST\u00c1 SEGURO DE SI EL EB-5 ES LO CORRECTO PARA USTED? \u00a1NOSOTROS LE PODEMOS AYUDAR! &#8221; h2_font_container=&#8221;font_size:20px|color:%23000000|line_height:24px&#8221; h2_use_theme_fonts=&#8221;yes&#8221; shape=&#8221;square&#8221; style=&#8221;flat&#8221; add_button=&#8221;right&#8221; btn_title=&#8221;Cont\u00e1ctenos&#8221; btn_style=&#8221;flat&#8221; btn_color=&#8221;theme_style_2&#8243; btn_align=&#8221;right&#8221; btn_i_align=&#8221;right&#8221; btn_i_icon_fontawesome=&#8221;fa fa-chevron-right&#8221; use_custom_fonts_h2=&#8221;true&#8221; btn_button_block=&#8221;true&#8221; btn_add_icon=&#8221;true&#8221; el_class=&#8221;third_bg_color&#8221; css=&#8221;.vc_custom_1509747675176{margin-bottom: 0px !important;}&#8221; btn_link=&#8221;url:http%3A%2F%2Famericanrcg.com%2Fes%2Fcontacto%2F|||&#8221;][\/vc_cta][\/vc_column][\/vc_row]<\/p>\n<\/div>","protected":false},"excerpt":{"rendered":"<p>[vc_row css=&#8221;.vc_custom_1499703578328{margin-right: 0px !important;margin-bottom: 50px !important;margin-left: 0px !important;}&#8221;][vc_column css=&#8221;.vc_custom_1499703331653{background-position: center !important;background-repeat: no-repeat !important;background-size: cover !important;}&#8221;][vc_custom_heading text=&#8221;&#8221; use_theme_fonts=&#8221;yes&#8221; subtitle=&#8221;Al trabajar por medio de centros regionales aprobados tales como los nuestros, la mayor\u00eda de los inversionistas inmigrantes logran que su paso a la residencia permanente sea m\u00e1s sencillo, menos costoso y m\u00e1s expedito.&#8221;][vc_column_text]La visa EB-5 es un<\/p>\n","protected":false},"author":1,"featured_media":0,"parent":0,"menu_order":16,"comment_status":"closed","ping_status":"closed","template":"","meta":{"_monsterinsights_skip_tracking":false,"_monsterinsights_sitenote_active":false,"_monsterinsights_sitenote_note":"","_monsterinsights_sitenote_category":0,"footnotes":""},"class_list":["post-1808","page","type-page","status-publish","hentry"],"yoast_head":"<!-- This site is optimized with the Yoast SEO plugin v27.3 - https:\/\/yoast.com\/product\/yoast-seo-wordpress\/ -->\n<title>Programa Visa EB-5 - American Regional Center Group<\/title>\n<meta name=\"robots\" content=\"index, follow, max-snippet:-1, max-image-preview:large, max-video-preview:-1\" \/>\n<link rel=\"canonical\" href=\"https:\/\/americanrcg.com\/eb5-visa-program\/\" \/>\n<meta property=\"og:locale\" content=\"es_ES\" \/>\n<meta property=\"og:type\" content=\"article\" \/>\n<meta property=\"og:title\" content=\"Programa Visa EB-5 - American Regional Center Group\" \/>\n<meta property=\"og:description\" content=\"[vc_row css=&#8221;.vc_custom_1499703578328{margin-right: 0px !important;margin-bottom: 50px !important;margin-left: 0px !important;}&#8221;][vc_column css=&#8221;.vc_custom_1499703331653{background-position: center !important;background-repeat: no-repeat !important;background-size: cover !important;}&#8221;][vc_custom_heading text=&#8221;&#8221; use_theme_fonts=&#8221;yes&#8221; subtitle=&#8221;Al trabajar por medio de centros regionales aprobados tales como los nuestros, la mayor\u00eda de los inversionistas inmigrantes logran que su paso a la residencia permanente sea m\u00e1s sencillo, menos costoso y m\u00e1s expedito.&#8221;][vc_column_text]La visa EB-5 es un\" \/>\n<meta property=\"og:url\" content=\"https:\/\/americanrcg.com\/eb5-visa-program\/\" \/>\n<meta property=\"og:site_name\" content=\"American Regional Center Group\" \/>\n<meta property=\"article:modified_time\" content=\"2017-11-03T22:21:19+00:00\" \/>\n<meta name=\"twitter:card\" content=\"summary_large_image\" \/>\n<meta name=\"twitter:label1\" content=\"Tiempo de lectura\" \/>\n\t<meta name=\"twitter:data1\" content=\"6 minutos\" \/>\n<script type=\"application\/ld+json\" class=\"yoast-schema-graph\">{\"@context\":\"https:\\\/\\\/schema.org\",\"@graph\":[{\"@type\":\"WebPage\",\"@id\":\"https:\\\/\\\/americanrcg.com\\\/eb5-visa-program\\\/\",\"url\":\"https:\\\/\\\/americanrcg.com\\\/eb5-visa-program\\\/\",\"name\":\"Programa Visa EB-5 - American Regional Center Group\",\"isPartOf\":{\"@id\":\"https:\\\/\\\/americanrcg.com\\\/#website\"},\"datePublished\":\"2017-02-11T13:10:14+00:00\",\"dateModified\":\"2017-11-03T22:21:19+00:00\",\"breadcrumb\":{\"@id\":\"https:\\\/\\\/americanrcg.com\\\/eb5-visa-program\\\/#breadcrumb\"},\"inLanguage\":\"es\",\"potentialAction\":[{\"@type\":\"ReadAction\",\"target\":[\"https:\\\/\\\/americanrcg.com\\\/eb5-visa-program\\\/\"]}]},{\"@type\":\"BreadcrumbList\",\"@id\":\"https:\\\/\\\/americanrcg.com\\\/eb5-visa-program\\\/#breadcrumb\",\"itemListElement\":[{\"@type\":\"ListItem\",\"position\":1,\"name\":\"Home\",\"item\":\"https:\\\/\\\/americanrcg.com\\\/es\\\/\"},{\"@type\":\"ListItem\",\"position\":2,\"name\":\"Programa Visa EB-5\"}]},{\"@type\":\"WebSite\",\"@id\":\"https:\\\/\\\/americanrcg.com\\\/#website\",\"url\":\"https:\\\/\\\/americanrcg.com\\\/\",\"name\":\"American Regional Center Group\",\"description\":\"\",\"publisher\":{\"@id\":\"https:\\\/\\\/americanrcg.com\\\/#organization\"},\"potentialAction\":[{\"@type\":\"SearchAction\",\"target\":{\"@type\":\"EntryPoint\",\"urlTemplate\":\"https:\\\/\\\/americanrcg.com\\\/?s={search_term_string}\"},\"query-input\":{\"@type\":\"PropertyValueSpecification\",\"valueRequired\":true,\"valueName\":\"search_term_string\"}}],\"inLanguage\":\"es\"},{\"@type\":\"Organization\",\"@id\":\"https:\\\/\\\/americanrcg.com\\\/#organization\",\"name\":\"American Regional Center Group\",\"url\":\"https:\\\/\\\/americanrcg.com\\\/\",\"logo\":{\"@type\":\"ImageObject\",\"inLanguage\":\"es\",\"@id\":\"https:\\\/\\\/americanrcg.com\\\/#\\\/schema\\\/logo\\\/image\\\/\",\"url\":\"https:\\\/\\\/americanrcg.com\\\/wp-content\\\/uploads\\\/2017\\\/07\\\/american-rcg-logo.png\",\"contentUrl\":\"https:\\\/\\\/americanrcg.com\\\/wp-content\\\/uploads\\\/2017\\\/07\\\/american-rcg-logo.png\",\"width\":297,\"height\":80,\"caption\":\"American Regional Center Group\"},\"image\":{\"@id\":\"https:\\\/\\\/americanrcg.com\\\/#\\\/schema\\\/logo\\\/image\\\/\"}}]}<\/script>\n<!-- \/ Yoast SEO plugin. -->","yoast_head_json":{"title":"Programa Visa EB-5 - American Regional Center Group","robots":{"index":"index","follow":"follow","max-snippet":"max-snippet:-1","max-image-preview":"max-image-preview:large","max-video-preview":"max-video-preview:-1"},"canonical":"https:\/\/americanrcg.com\/eb5-visa-program\/","og_locale":"es_ES","og_type":"article","og_title":"Programa Visa EB-5 - American Regional Center Group","og_description":"[vc_row css=&#8221;.vc_custom_1499703578328{margin-right: 0px !important;margin-bottom: 50px !important;margin-left: 0px !important;}&#8221;][vc_column css=&#8221;.vc_custom_1499703331653{background-position: center !important;background-repeat: no-repeat !important;background-size: cover !important;}&#8221;][vc_custom_heading text=&#8221;&#8221; use_theme_fonts=&#8221;yes&#8221; subtitle=&#8221;Al trabajar por medio de centros regionales aprobados tales como los nuestros, la mayor\u00eda de los inversionistas inmigrantes logran que su paso a la residencia permanente sea m\u00e1s sencillo, menos costoso y m\u00e1s expedito.&#8221;][vc_column_text]La visa EB-5 es un","og_url":"https:\/\/americanrcg.com\/eb5-visa-program\/","og_site_name":"American Regional Center Group","article_modified_time":"2017-11-03T22:21:19+00:00","twitter_card":"summary_large_image","twitter_misc":{"Tiempo de lectura":"6 minutos"},"schema":{"@context":"https:\/\/schema.org","@graph":[{"@type":"WebPage","@id":"https:\/\/americanrcg.com\/eb5-visa-program\/","url":"https:\/\/americanrcg.com\/eb5-visa-program\/","name":"Programa Visa EB-5 - American Regional Center Group","isPartOf":{"@id":"https:\/\/americanrcg.com\/#website"},"datePublished":"2017-02-11T13:10:14+00:00","dateModified":"2017-11-03T22:21:19+00:00","breadcrumb":{"@id":"https:\/\/americanrcg.com\/eb5-visa-program\/#breadcrumb"},"inLanguage":"es","potentialAction":[{"@type":"ReadAction","target":["https:\/\/americanrcg.com\/eb5-visa-program\/"]}]},{"@type":"BreadcrumbList","@id":"https:\/\/americanrcg.com\/eb5-visa-program\/#breadcrumb","itemListElement":[{"@type":"ListItem","position":1,"name":"Home","item":"https:\/\/americanrcg.com\/es\/"},{"@type":"ListItem","position":2,"name":"Programa Visa EB-5"}]},{"@type":"WebSite","@id":"https:\/\/americanrcg.com\/#website","url":"https:\/\/americanrcg.com\/","name":"American Regional Center Group","description":"","publisher":{"@id":"https:\/\/americanrcg.com\/#organization"},"potentialAction":[{"@type":"SearchAction","target":{"@type":"EntryPoint","urlTemplate":"https:\/\/americanrcg.com\/?s={search_term_string}"},"query-input":{"@type":"PropertyValueSpecification","valueRequired":true,"valueName":"search_term_string"}}],"inLanguage":"es"},{"@type":"Organization","@id":"https:\/\/americanrcg.com\/#organization","name":"American Regional Center Group","url":"https:\/\/americanrcg.com\/","logo":{"@type":"ImageObject","inLanguage":"es","@id":"https:\/\/americanrcg.com\/#\/schema\/logo\/image\/","url":"https:\/\/americanrcg.com\/wp-content\/uploads\/2017\/07\/american-rcg-logo.png","contentUrl":"https:\/\/americanrcg.com\/wp-content\/uploads\/2017\/07\/american-rcg-logo.png","width":297,"height":80,"caption":"American Regional Center Group"},"image":{"@id":"https:\/\/americanrcg.com\/#\/schema\/logo\/image\/"}}]}},"_links":{"self":[{"href":"https:\/\/americanrcg.com\/es\/wp-json\/wp\/v2\/pages\/1808","targetHints":{"allow":["GET"]}}],"collection":[{"href":"https:\/\/americanrcg.com\/es\/wp-json\/wp\/v2\/pages"}],"about":[{"href":"https:\/\/americanrcg.com\/es\/wp-json\/wp\/v2\/types\/page"}],"author":[{"embeddable":true,"href":"https:\/\/americanrcg.com\/es\/wp-json\/wp\/v2\/users\/1"}],"replies":[{"embeddable":true,"href":"https:\/\/americanrcg.com\/es\/wp-json\/wp\/v2\/comments?post=1808"}],"version-history":[{"count":3,"href":"https:\/\/americanrcg.com\/es\/wp-json\/wp\/v2\/pages\/1808\/revisions"}],"predecessor-version":[{"id":2054,"href":"https:\/\/americanrcg.com\/es\/wp-json\/wp\/v2\/pages\/1808\/revisions\/2054"}],"wp:attachment":[{"href":"https:\/\/americanrcg.com\/es\/wp-json\/wp\/v2\/media?parent=1808"}],"curies":[{"name":"wp","href":"https:\/\/api.w.org\/{rel}","templated":true}]}}