{"id":1816,"date":"2017-02-11T13:06:11","date_gmt":"2017-02-11T13:06:11","guid":{"rendered":"https:\/\/americanrcg.com\/about\/"},"modified":"2017-11-03T21:43:48","modified_gmt":"2017-11-03T21:43:48","slug":"quienes-somos","status":"publish","type":"page","link":"https:\/\/americanrcg.com\/es\/quienes-somos\/","title":{"rendered":"Qui\u00e9nes Somos"},"content":{"rendered":"<div class=\"wpb-content-wrapper\"><p>[vc_row][vc_column][vc_custom_heading text=&#8221;American Regional Center Group LLC (&#8220;ARCG&#8220;) ofrece oportunidades s\u00f3lidas y confiables de inversi\u00f3n para la visa EB-5 para los inversores extranjeros y sus familias que desean obtener la residencia permanente en los Estados Unidos.&#8221; font_container=&#8221;tag:h3|text_align:left&#8221; google_fonts=&#8221;font_family:Montserrat%3Aregular%2C700|font_style:700%20bold%20regular%3A700%3Anormal&#8221; css=&#8221;.vc_custom_1509745276639{margin-bottom: 39px !important;}&#8221; el_class=&#8221;headingabout&#8221;][\/vc_column][\/vc_row][vc_row full_width=&#8221;stretch_row&#8221; css=&#8221;.vc_custom_1499464497630{margin-top: -75px !important;padding-top: 81px !important;padding-bottom: 78px !important;background-color: #f2f2f2 !important;}&#8221;][vc_column width=&#8221;7\/12&#8243;][vc_column_text css=&#8221;.vc_custom_1509745320241{margin-bottom: 25px !important;}&#8221;]<span style=\"font-family: Montserrat; color: #444444; font-size: 16px; letter-spacing: -0.4px;\">ARCG fue fundada en asociaci\u00f3n con <a href=\"https:\/\/patagoniafinancial.com\/\">Patagonia Financial Holdings LLC (PFH)<\/a>, una firma de capital privado con sede en Florida, con un enfoque especial en la estructuraci\u00f3n de inversiones orientadas al valor.<\/span>[\/vc_column_text][vc_column_text]<span id=\"result_box\" class=\"\" lang=\"es\" tabindex=\"-1\">Los conocimientos y la experiencia de PFH brindan amplias capacidades de abastecimiento a ARCG. El equipo administrativo de PFH ha invertido m\u00e1s de $ 500 millones y posee m\u00e1s de 100 a\u00f1os de experiencia acumulada en los Estados Unidos y Am\u00e9rica Latina.<\/span><\/p>\n<p><span class=\"\">Los socios de ARCG cuentan con una significativa estructuraci\u00f3n financiera y experiencia en inversiones que se han aplicado a proyectos en sectores tales como bienes ra\u00edces, energ\u00eda renovable, alimentos \/ prote\u00ednas, infraestructura, mercadotecnia y tecnolog\u00eda.<\/span> <span class=\"\">ARCG utiliza sus conocimientos especializados para cerrar la brecha entre los inversores y los desarrolladores con el fin de satisfacer sus necesidades.<\/span>[\/vc_column_text][\/vc_column][vc_column width=&#8221;5\/12&#8243;][vc_single_image image=&#8221;1682&#8243; img_size=&#8221;large&#8221;][\/vc_column][\/vc_row][vc_row css=&#8221;.vc_custom_1485599609272{margin-bottom: 35px !important;}&#8221;][vc_column][vc_custom_heading text=&#8221;Nuestros Fundadores&#8221; font_container=&#8221;tag:h3|text_align:left&#8221; google_fonts=&#8221;font_family:Montserrat%3Aregular%2C700|font_style:700%20bold%20regular%3A700%3Anormal&#8221; css=&#8221;.vc_custom_1509745366666{margin-top: 50px !important;margin-bottom: 30px !important;}&#8221;][stm_staff_list style=&#8221;grid&#8221; grid_view=&#8221;short&#8221; per_row=&#8221;4&#8243; count=&#8221;8&#8243; show_custom_link=&#8221;&#8221;][\/vc_column][\/vc_row][vc_row full_width=&#8221;stretch_row&#8221; equal_height=&#8221;yes&#8221; css=&#8221;.vc_custom_1485526792127{background-color: #f2f2f2 !important;}&#8221; el_class=&#8221;about-bg-right&#8221;][vc_column][vc_custom_heading text=&#8221;Centros Regionales&#8221; font_container=&#8221;tag:h3|text_align:left&#8221; google_fonts=&#8221;font_family:Montserrat%3Aregular%2C700|font_style:700%20bold%20regular%3A700%3Anormal&#8221; css=&#8221;.vc_custom_1509745393282{margin-top: 50px !important;margin-bottom: 25px !important;}&#8221;][vc_column_text css=&#8221;.vc_custom_1509745381143{margin-bottom: 22px !important;}&#8221;]<span style=\"display: block; line-height: 22px;\"><span id=\"result_box\" class=\"\" lang=\"es\" tabindex=\"-1\">American Regional Center Group administra una cartera en expansi\u00f3n de Centros Regionales centrados en satisfacer las demandas cada vez m\u00e1s rigurosas del inversor EB-5. Los proyectos se administran a trav\u00e9s de nuestros Centros Regionales designados que est\u00e1n totalmente aprobados por los Servicios de Ciudadan\u00eda e Inmigraci\u00f3n de los Estados Unidos (&#8220;USCIS&#8221;).<\/span><\/span>[\/vc_column_text][stm_services posts_per_page=&#8221;12&#8243; posts_per_row=&#8221;4&#8243;][\/vc_column][\/vc_row][vc_row full_width=&#8221;stretch_row&#8221; el_class=&#8221;third_bg_color&#8221; css=&#8221;.vc_custom_1451889219674{margin-bottom: -60px !important;}&#8221;][vc_column][vc_cta h2=&#8221;\u00bfNO EST\u00c1 SEGURO DE SI EL EB-5 ES LO CORRECTO PARA USTED? \u00a1NOSOTROS LE PODEMOS AYUDAR!&#8221; h2_font_container=&#8221;font_size:20px|color:%23000000|line_height:24px&#8221; h2_use_theme_fonts=&#8221;yes&#8221; shape=&#8221;square&#8221; style=&#8221;flat&#8221; add_button=&#8221;right&#8221; btn_title=&#8221;Cont\u00e1ctenos&#8221; btn_style=&#8221;flat&#8221; btn_color=&#8221;theme_style_2&#8243; btn_align=&#8221;right&#8221; btn_i_align=&#8221;right&#8221; btn_i_icon_fontawesome=&#8221;fa fa-chevron-right&#8221; use_custom_fonts_h2=&#8221;true&#8221; btn_button_block=&#8221;true&#8221; btn_add_icon=&#8221;true&#8221; el_class=&#8221;third_bg_color&#8221; css=&#8221;.vc_custom_1509745424255{margin-bottom: 0px !important;}&#8221; btn_link=&#8221;url:http%3A%2F%2Famericanrcg.com%2Fes%2Fcontacto%2F|||&#8221;][\/vc_cta][\/vc_column][\/vc_row]<\/p>\n<\/div>","protected":false},"excerpt":{"rendered":"<p>[vc_row][vc_column][vc_custom_heading text=&#8221;American Regional Center Group LLC (&#8220;ARCG&#8220;) ofrece oportunidades s\u00f3lidas y confiables de inversi\u00f3n para la visa EB-5 para los inversores extranjeros y sus familias que desean obtener la residencia permanente en los Estados Unidos.&#8221; font_container=&#8221;tag:h3|text_align:left&#8221; google_fonts=&#8221;font_family:Montserrat%3Aregular%2C700|font_style:700%20bold%20regular%3A700%3Anormal&#8221; css=&#8221;.vc_custom_1509745276639{margin-bottom: 39px !important;}&#8221; el_class=&#8221;headingabout&#8221;][\/vc_column][\/vc_row][vc_row full_width=&#8221;stretch_row&#8221; css=&#8221;.vc_custom_1499464497630{margin-top: -75px !important;padding-top: 81px !important;padding-bottom: 78px !important;background-color: #f2f2f2 !important;}&#8221;][vc_column width=&#8221;7\/12&#8243;][vc_column_text css=&#8221;.vc_custom_1509745320241{margin-bottom: 25px !important;}&#8221;]ARCG<\/p>\n","protected":false},"author":1,"featured_media":0,"parent":0,"menu_order":4,"comment_status":"closed","ping_status":"closed","template":"","meta":{"_monsterinsights_skip_tracking":false,"_monsterinsights_sitenote_active":false,"_monsterinsights_sitenote_note":"","_monsterinsights_sitenote_category":0,"footnotes":""},"class_list":["post-1816","page","type-page","status-publish","hentry"],"yoast_head":"<!-- This site is optimized with the Yoast SEO plugin v27.3 - https:\/\/yoast.com\/product\/yoast-seo-wordpress\/ -->\n<title>Qui\u00e9nes Somos - American Regional Center Group<\/title>\n<meta name=\"robots\" content=\"index, follow, max-snippet:-1, max-image-preview:large, max-video-preview:-1\" \/>\n<link rel=\"canonical\" href=\"https:\/\/americanrcg.com\/es\/quienes-somos\/\" \/>\n<meta property=\"og:locale\" content=\"es_ES\" \/>\n<meta property=\"og:type\" content=\"article\" \/>\n<meta property=\"og:title\" content=\"Qui\u00e9nes Somos - American Regional Center Group\" \/>\n<meta property=\"og:description\" content=\"[vc_row][vc_column][vc_custom_heading text=&#8221;American Regional Center Group LLC (&#8220;ARCG&#8220;) ofrece oportunidades s\u00f3lidas y confiables de inversi\u00f3n para la visa EB-5 para los inversores extranjeros y sus familias que desean obtener la residencia permanente en los Estados Unidos.&#8221; font_container=&#8221;tag:h3|text_align:left&#8221; google_fonts=&#8221;font_family:Montserrat%3Aregular%2C700|font_style:700%20bold%20regular%3A700%3Anormal&#8221; css=&#8221;.vc_custom_1509745276639{margin-bottom: 39px !important;}&#8221; el_class=&#8221;headingabout&#8221;][\/vc_column][\/vc_row][vc_row full_width=&#8221;stretch_row&#8221; css=&#8221;.vc_custom_1499464497630{margin-top: -75px !important;padding-top: 81px !important;padding-bottom: 78px !important;background-color: #f2f2f2 !important;}&#8221;][vc_column width=&#8221;7\/12&#8243;][vc_column_text css=&#8221;.vc_custom_1509745320241{margin-bottom: 25px !important;}&#8221;]ARCG\" \/>\n<meta property=\"og:url\" content=\"https:\/\/americanrcg.com\/es\/quienes-somos\/\" \/>\n<meta property=\"og:site_name\" content=\"American Regional Center Group\" \/>\n<meta property=\"article:modified_time\" content=\"2017-11-03T21:43:48+00:00\" \/>\n<meta name=\"twitter:card\" content=\"summary_large_image\" \/>\n<meta name=\"twitter:label1\" content=\"Tiempo de lectura\" \/>\n\t<meta name=\"twitter:data1\" content=\"3 minutos\" \/>\n<script type=\"application\/ld+json\" class=\"yoast-schema-graph\">{\"@context\":\"https:\\\/\\\/schema.org\",\"@graph\":[{\"@type\":\"WebPage\",\"@id\":\"https:\\\/\\\/americanrcg.com\\\/es\\\/quienes-somos\\\/\",\"url\":\"https:\\\/\\\/americanrcg.com\\\/es\\\/quienes-somos\\\/\",\"name\":\"Qui\u00e9nes Somos - American Regional Center Group\",\"isPartOf\":{\"@id\":\"https:\\\/\\\/americanrcg.com\\\/#website\"},\"datePublished\":\"2017-02-11T13:06:11+00:00\",\"dateModified\":\"2017-11-03T21:43:48+00:00\",\"breadcrumb\":{\"@id\":\"https:\\\/\\\/americanrcg.com\\\/es\\\/quienes-somos\\\/#breadcrumb\"},\"inLanguage\":\"es\",\"potentialAction\":[{\"@type\":\"ReadAction\",\"target\":[\"https:\\\/\\\/americanrcg.com\\\/es\\\/quienes-somos\\\/\"]}]},{\"@type\":\"BreadcrumbList\",\"@id\":\"https:\\\/\\\/americanrcg.com\\\/es\\\/quienes-somos\\\/#breadcrumb\",\"itemListElement\":[{\"@type\":\"ListItem\",\"position\":1,\"name\":\"Home\",\"item\":\"https:\\\/\\\/americanrcg.com\\\/es\\\/\"},{\"@type\":\"ListItem\",\"position\":2,\"name\":\"Qui\u00e9nes Somos\"}]},{\"@type\":\"WebSite\",\"@id\":\"https:\\\/\\\/americanrcg.com\\\/#website\",\"url\":\"https:\\\/\\\/americanrcg.com\\\/\",\"name\":\"American Regional Center Group\",\"description\":\"\",\"publisher\":{\"@id\":\"https:\\\/\\\/americanrcg.com\\\/#organization\"},\"potentialAction\":[{\"@type\":\"SearchAction\",\"target\":{\"@type\":\"EntryPoint\",\"urlTemplate\":\"https:\\\/\\\/americanrcg.com\\\/?s={search_term_string}\"},\"query-input\":{\"@type\":\"PropertyValueSpecification\",\"valueRequired\":true,\"valueName\":\"search_term_string\"}}],\"inLanguage\":\"es\"},{\"@type\":\"Organization\",\"@id\":\"https:\\\/\\\/americanrcg.com\\\/#organization\",\"name\":\"American Regional Center Group\",\"url\":\"https:\\\/\\\/americanrcg.com\\\/\",\"logo\":{\"@type\":\"ImageObject\",\"inLanguage\":\"es\",\"@id\":\"https:\\\/\\\/americanrcg.com\\\/#\\\/schema\\\/logo\\\/image\\\/\",\"url\":\"https:\\\/\\\/americanrcg.com\\\/wp-content\\\/uploads\\\/2017\\\/07\\\/american-rcg-logo.png\",\"contentUrl\":\"https:\\\/\\\/americanrcg.com\\\/wp-content\\\/uploads\\\/2017\\\/07\\\/american-rcg-logo.png\",\"width\":297,\"height\":80,\"caption\":\"American Regional Center Group\"},\"image\":{\"@id\":\"https:\\\/\\\/americanrcg.com\\\/#\\\/schema\\\/logo\\\/image\\\/\"}}]}<\/script>\n<!-- \/ Yoast SEO plugin. -->","yoast_head_json":{"title":"Qui\u00e9nes Somos - American Regional Center Group","robots":{"index":"index","follow":"follow","max-snippet":"max-snippet:-1","max-image-preview":"max-image-preview:large","max-video-preview":"max-video-preview:-1"},"canonical":"https:\/\/americanrcg.com\/es\/quienes-somos\/","og_locale":"es_ES","og_type":"article","og_title":"Qui\u00e9nes Somos - American Regional Center Group","og_description":"[vc_row][vc_column][vc_custom_heading text=&#8221;American Regional Center Group LLC (&#8220;ARCG&#8220;) ofrece oportunidades s\u00f3lidas y confiables de inversi\u00f3n para la visa EB-5 para los inversores extranjeros y sus familias que desean obtener la residencia permanente en los Estados Unidos.&#8221; font_container=&#8221;tag:h3|text_align:left&#8221; google_fonts=&#8221;font_family:Montserrat%3Aregular%2C700|font_style:700%20bold%20regular%3A700%3Anormal&#8221; css=&#8221;.vc_custom_1509745276639{margin-bottom: 39px !important;}&#8221; el_class=&#8221;headingabout&#8221;][\/vc_column][\/vc_row][vc_row full_width=&#8221;stretch_row&#8221; css=&#8221;.vc_custom_1499464497630{margin-top: -75px !important;padding-top: 81px !important;padding-bottom: 78px !important;background-color: #f2f2f2 !important;}&#8221;][vc_column width=&#8221;7\/12&#8243;][vc_column_text css=&#8221;.vc_custom_1509745320241{margin-bottom: 25px !important;}&#8221;]ARCG","og_url":"https:\/\/americanrcg.com\/es\/quienes-somos\/","og_site_name":"American Regional Center Group","article_modified_time":"2017-11-03T21:43:48+00:00","twitter_card":"summary_large_image","twitter_misc":{"Tiempo de lectura":"3 minutos"},"schema":{"@context":"https:\/\/schema.org","@graph":[{"@type":"WebPage","@id":"https:\/\/americanrcg.com\/es\/quienes-somos\/","url":"https:\/\/americanrcg.com\/es\/quienes-somos\/","name":"Qui\u00e9nes Somos - American Regional Center Group","isPartOf":{"@id":"https:\/\/americanrcg.com\/#website"},"datePublished":"2017-02-11T13:06:11+00:00","dateModified":"2017-11-03T21:43:48+00:00","breadcrumb":{"@id":"https:\/\/americanrcg.com\/es\/quienes-somos\/#breadcrumb"},"inLanguage":"es","potentialAction":[{"@type":"ReadAction","target":["https:\/\/americanrcg.com\/es\/quienes-somos\/"]}]},{"@type":"BreadcrumbList","@id":"https:\/\/americanrcg.com\/es\/quienes-somos\/#breadcrumb","itemListElement":[{"@type":"ListItem","position":1,"name":"Home","item":"https:\/\/americanrcg.com\/es\/"},{"@type":"ListItem","position":2,"name":"Qui\u00e9nes Somos"}]},{"@type":"WebSite","@id":"https:\/\/americanrcg.com\/#website","url":"https:\/\/americanrcg.com\/","name":"American Regional Center Group","description":"","publisher":{"@id":"https:\/\/americanrcg.com\/#organization"},"potentialAction":[{"@type":"SearchAction","target":{"@type":"EntryPoint","urlTemplate":"https:\/\/americanrcg.com\/?s={search_term_string}"},"query-input":{"@type":"PropertyValueSpecification","valueRequired":true,"valueName":"search_term_string"}}],"inLanguage":"es"},{"@type":"Organization","@id":"https:\/\/americanrcg.com\/#organization","name":"American Regional Center Group","url":"https:\/\/americanrcg.com\/","logo":{"@type":"ImageObject","inLanguage":"es","@id":"https:\/\/americanrcg.com\/#\/schema\/logo\/image\/","url":"https:\/\/americanrcg.com\/wp-content\/uploads\/2017\/07\/american-rcg-logo.png","contentUrl":"https:\/\/americanrcg.com\/wp-content\/uploads\/2017\/07\/american-rcg-logo.png","width":297,"height":80,"caption":"American Regional Center Group"},"image":{"@id":"https:\/\/americanrcg.com\/#\/schema\/logo\/image\/"}}]}},"_links":{"self":[{"href":"https:\/\/americanrcg.com\/es\/wp-json\/wp\/v2\/pages\/1816","targetHints":{"allow":["GET"]}}],"collection":[{"href":"https:\/\/americanrcg.com\/es\/wp-json\/wp\/v2\/pages"}],"about":[{"href":"https:\/\/americanrcg.com\/es\/wp-json\/wp\/v2\/types\/page"}],"author":[{"embeddable":true,"href":"https:\/\/americanrcg.com\/es\/wp-json\/wp\/v2\/users\/1"}],"replies":[{"embeddable":true,"href":"https:\/\/americanrcg.com\/es\/wp-json\/wp\/v2\/comments?post=1816"}],"version-history":[{"count":2,"href":"https:\/\/americanrcg.com\/es\/wp-json\/wp\/v2\/pages\/1816\/revisions"}],"predecessor-version":[{"id":2043,"href":"https:\/\/americanrcg.com\/es\/wp-json\/wp\/v2\/pages\/1816\/revisions\/2043"}],"wp:attachment":[{"href":"https:\/\/americanrcg.com\/es\/wp-json\/wp\/v2\/media?parent=1816"}],"curies":[{"name":"wp","href":"https:\/\/api.w.org\/{rel}","templated":true}]}}